{"id":189,"date":"2014-02-09T16:00:06","date_gmt":"2014-02-09T16:00:06","guid":{"rendered":"http:\/\/slowavetommus.wpengine.com\/?page_id=189"},"modified":"2014-04-05T15:36:27","modified_gmt":"2014-04-05T14:36:27","slug":"entreprise","status":"publish","type":"page","link":"http:\/\/immoppe.ch\/site_web\/entreprise\/","title":{"rendered":"Entreprise d&rsquo;administration PPE"},"content":{"rendered":"<div id=\"dslc-module-75\" data-module-id=\"75\" data-dslc-module-id=\"Slowave_Text_Block\" data-dslc-module-size=\"12\">\n<h5>ADMINISTRATION<br \/>\nGestion courante, correspondance, collaboration<\/h5>\n<\/div>\n<div id=\"dslc-module-191\" data-module-id=\"191\" data-dslc-module-id=\"Slowave_Text_Block\" data-dslc-module-size=\"12\">\n<h5>APPLICATION DES D\u00c9CISIONS<br \/>\nMise en application des d\u00e9cisions d\u2019assembl\u00e9e<\/h5>\n<\/div>\n<div id=\"dslc-module-193\" data-module-id=\"193\" data-dslc-module-id=\"Slowave_Text_Block\" data-dslc-module-size=\"12\">\n<h5>ASSEMBL\u00c9E G\u00c9N\u00c9RALE<br \/>\nCoordination totale de l\u2019assembl\u00e9e g\u00e9n\u00e9rale<\/h5>\n<\/div>\n<div id=\"dslc-module-192\" data-module-id=\"192\" data-dslc-module-id=\"Slowave_Text_Block\" data-dslc-module-size=\"12\">\n<h5>COMPTABILIT\u00c9<br \/>\nTenue de la comptabilit\u00e9, gestion du contentieux, gestion du budget<\/h5>\n<\/div>\n<div id=\"dslc-module-190\" data-module-id=\"190\" data-dslc-module-id=\"Slowave_Text_Block\" data-dslc-module-size=\"12\">\n<h5>GESTION TECHNIQUE<br \/>\nNous assurons un suivi complet de toute la technique de votre bien<\/h5>\n<\/div>\n<!-- AddThis Advanced Settings generic via filter on the_content --><!-- AddThis Share Buttons generic via filter on the_content -->","protected":false},"excerpt":{"rendered":"<p>ADMINISTRATION Gestion courante, correspondance, collaboration APPLICATION DES D\u00c9CISIONS Mise en application des d\u00e9cisions d\u2019assembl\u00e9e ASSEMBL\u00c9E G\u00c9N\u00c9RALE Coordination totale de l\u2019assembl\u00e9e g\u00e9n\u00e9rale COMPTABILIT\u00c9 Tenue de la.<!-- AddThis Advanced Settings generic via filter on get_the_excerpt --><!-- AddThis Share Buttons generic via filter on get_the_excerpt --><\/p>\n","protected":false},"author":2,"featured_media":0,"parent":0,"menu_order":0,"comment_status":"open","ping_status":"open","template":"page_fullwidth.php","meta":[],"yoast_head":"<!-- This site is optimized with the Yoast SEO plugin v20.4 - https:\/\/yoast.com\/wordpress\/plugins\/seo\/ -->\n<title>Administration PPE<\/title>\n<meta name=\"description\" content=\"Immoppe administration de PPE est l&#039;interlocuteur privil\u00e9gi\u00e9 entre les propri\u00e9taires qui choisissent de vivre en copropri\u00e9t\u00e9.\" \/>\n<meta name=\"robots\" content=\"index, follow, max-snippet:-1, max-image-preview:large, max-video-preview:-1\" \/>\n<link rel=\"canonical\" href=\"http:\/\/immoppe.ch\/site_web\/entreprise\/\" \/>\n<meta property=\"og:locale\" content=\"fr_FR\" \/>\n<meta property=\"og:type\" content=\"article\" \/>\n<meta property=\"og:title\" content=\"Administration PPE\" \/>\n<meta property=\"og:description\" content=\"Immoppe administration de PPE est l&#039;interlocuteur privil\u00e9gi\u00e9 entre les propri\u00e9taires qui choisissent de vivre en copropri\u00e9t\u00e9.\" \/>\n<meta property=\"og:url\" content=\"http:\/\/immoppe.ch\/site_web\/entreprise\/\" \/>\n<meta property=\"og:site_name\" content=\"immoppe\" \/>\n<meta property=\"article:modified_time\" content=\"2014-04-05T14:36:27+00:00\" \/>\n<script type=\"application\/ld+json\" class=\"yoast-schema-graph\">{\"@context\":\"https:\/\/schema.org\",\"@graph\":[{\"@type\":\"WebPage\",\"@id\":\"http:\/\/immoppe.ch\/site_web\/entreprise\/\",\"url\":\"http:\/\/immoppe.ch\/site_web\/entreprise\/\",\"name\":\"Administration PPE\",\"isPartOf\":{\"@id\":\"https:\/\/immoppe.ch\/site_web\/#website\"},\"datePublished\":\"2014-02-09T16:00:06+00:00\",\"dateModified\":\"2014-04-05T14:36:27+00:00\",\"description\":\"Immoppe administration de PPE est l'interlocuteur privil\u00e9gi\u00e9 entre les propri\u00e9taires qui choisissent de vivre en copropri\u00e9t\u00e9.\",\"breadcrumb\":{\"@id\":\"http:\/\/immoppe.ch\/site_web\/entreprise\/#breadcrumb\"},\"inLanguage\":\"fr-FR\",\"potentialAction\":[{\"@type\":\"ReadAction\",\"target\":[\"http:\/\/immoppe.ch\/site_web\/entreprise\/\"]}]},{\"@type\":\"BreadcrumbList\",\"@id\":\"http:\/\/immoppe.ch\/site_web\/entreprise\/#breadcrumb\",\"itemListElement\":[{\"@type\":\"ListItem\",\"position\":1,\"name\":\"Accueil\",\"item\":\"https:\/\/immoppe.ch\/site_web\/\"},{\"@type\":\"ListItem\",\"position\":2,\"name\":\"Entreprise d&rsquo;administration PPE\"}]},{\"@type\":\"WebSite\",\"@id\":\"https:\/\/immoppe.ch\/site_web\/#website\",\"url\":\"https:\/\/immoppe.ch\/site_web\/\",\"name\":\"immoppe\",\"description\":\"Immoppe\",\"potentialAction\":[{\"@type\":\"SearchAction\",\"target\":{\"@type\":\"EntryPoint\",\"urlTemplate\":\"https:\/\/immoppe.ch\/site_web\/?s={search_term_string}\"},\"query-input\":\"required name=search_term_string\"}],\"inLanguage\":\"fr-FR\"}]}<\/script>\n<!-- \/ Yoast SEO plugin. -->","yoast_head_json":{"title":"Administration PPE","description":"Immoppe administration de PPE est l'interlocuteur privil\u00e9gi\u00e9 entre les propri\u00e9taires qui choisissent de vivre en copropri\u00e9t\u00e9.","robots":{"index":"index","follow":"follow","max-snippet":"max-snippet:-1","max-image-preview":"max-image-preview:large","max-video-preview":"max-video-preview:-1"},"canonical":"http:\/\/immoppe.ch\/site_web\/entreprise\/","og_locale":"fr_FR","og_type":"article","og_title":"Administration PPE","og_description":"Immoppe administration de PPE est l'interlocuteur privil\u00e9gi\u00e9 entre les propri\u00e9taires qui choisissent de vivre en copropri\u00e9t\u00e9.","og_url":"http:\/\/immoppe.ch\/site_web\/entreprise\/","og_site_name":"immoppe","article_modified_time":"2014-04-05T14:36:27+00:00","schema":{"@context":"https:\/\/schema.org","@graph":[{"@type":"WebPage","@id":"http:\/\/immoppe.ch\/site_web\/entreprise\/","url":"http:\/\/immoppe.ch\/site_web\/entreprise\/","name":"Administration PPE","isPartOf":{"@id":"https:\/\/immoppe.ch\/site_web\/#website"},"datePublished":"2014-02-09T16:00:06+00:00","dateModified":"2014-04-05T14:36:27+00:00","description":"Immoppe administration de PPE est l'interlocuteur privil\u00e9gi\u00e9 entre les propri\u00e9taires qui choisissent de vivre en copropri\u00e9t\u00e9.","breadcrumb":{"@id":"http:\/\/immoppe.ch\/site_web\/entreprise\/#breadcrumb"},"inLanguage":"fr-FR","potentialAction":[{"@type":"ReadAction","target":["http:\/\/immoppe.ch\/site_web\/entreprise\/"]}]},{"@type":"BreadcrumbList","@id":"http:\/\/immoppe.ch\/site_web\/entreprise\/#breadcrumb","itemListElement":[{"@type":"ListItem","position":1,"name":"Accueil","item":"https:\/\/immoppe.ch\/site_web\/"},{"@type":"ListItem","position":2,"name":"Entreprise d&rsquo;administration PPE"}]},{"@type":"WebSite","@id":"https:\/\/immoppe.ch\/site_web\/#website","url":"https:\/\/immoppe.ch\/site_web\/","name":"immoppe","description":"Immoppe","potentialAction":[{"@type":"SearchAction","target":{"@type":"EntryPoint","urlTemplate":"https:\/\/immoppe.ch\/site_web\/?s={search_term_string}"},"query-input":"required name=search_term_string"}],"inLanguage":"fr-FR"}]}},"_links":{"self":[{"href":"http:\/\/immoppe.ch\/site_web\/wp-json\/wp\/v2\/pages\/189"}],"collection":[{"href":"http:\/\/immoppe.ch\/site_web\/wp-json\/wp\/v2\/pages"}],"about":[{"href":"http:\/\/immoppe.ch\/site_web\/wp-json\/wp\/v2\/types\/page"}],"author":[{"embeddable":true,"href":"http:\/\/immoppe.ch\/site_web\/wp-json\/wp\/v2\/users\/2"}],"replies":[{"embeddable":true,"href":"http:\/\/immoppe.ch\/site_web\/wp-json\/wp\/v2\/comments?post=189"}],"version-history":[{"count":6,"href":"http:\/\/immoppe.ch\/site_web\/wp-json\/wp\/v2\/pages\/189\/revisions"}],"predecessor-version":[{"id":818,"href":"http:\/\/immoppe.ch\/site_web\/wp-json\/wp\/v2\/pages\/189\/revisions\/818"}],"wp:attachment":[{"href":"http:\/\/immoppe.ch\/site_web\/wp-json\/wp\/v2\/media?parent=189"}],"curies":[{"name":"wp","href":"https:\/\/api.w.org\/{rel}","templated":true}]}}