{"id":296,"date":"2014-02-09T22:24:38","date_gmt":"2014-02-09T22:24:38","guid":{"rendered":"http:\/\/slowavetommus.wpengine.com\/?page_id=296"},"modified":"2014-04-05T15:41:33","modified_gmt":"2014-04-05T14:41:33","slug":"prestations","status":"publish","type":"page","link":"http:\/\/immoppe.ch\/site_web\/prestations\/","title":{"rendered":"Prestations pour PPE"},"content":{"rendered":"<div data-size=\"6\">\n<div id=\"dslc-module-81\" data-module-id=\"81\" data-dslc-module-id=\"DSLC_Text_Simple\" data-dslc-module-size=\"12\">\n<p>Canton de neuch\u00e2tel, cressier, le landeron, saint-blaise, chaux-de-fond, val-de-ruz boudry, saint-aubin<\/p>\n<p>Nous vous offrons bien plus qu&rsquo;une gestion rigoureuse de votre PPE, nous vous proposons un conseil personnalis\u00e9 et mettons l&rsquo;accent sur la confiance. Gr\u00e2ce \u00e0 notre engagement complet, nous vous assurons un partenariat \u00e0 long terme.<\/p>\n<p>Nous restons \u00e0 votre enti\u00e8re disposition pour vous apporter tout compl\u00e9ment d&rsquo;information que vous pourriez d\u00e9sirer ou tout simplement pour un premier contact, sans engagement, avec visite de notre entreprise. N&rsquo;h\u00e9sitez pas \u00e0 nous contacter d\u00e8s maintenant<\/p>\n<\/div>\n<\/div>\n<div data-size=\"6\">\n<div id=\"dslc-module-110\" data-module-id=\"110\" data-dslc-module-id=\"DSLC_Text_Simple\" data-dslc-module-size=\"12\">\n<div>\n<p>Petits travaux d\u2019entretien et de d\u00e9pannage<\/p>\n<p>Afin d\u2019\u00e9viter l\u2019intervention d\u2019une entreprise professionnelle qui vous co\u00fbtera cher en d\u00e9placement et en intervention, ImmoPPE peut vous proposer un service de d\u00e9pannage et de petits travaux d\u2019entretien \u00e0 prix int\u00e9ressant.<\/p>\n<p>L\u2019ex\u00e9cution des travaux est effectu\u00e9e en bonne et due forme, avec rigueur et s\u00e9rieux, garanti par ImmoPPE. Les co\u00fbts sont d\u00e9termin\u00e9s au cas par cas, en fonction de la nature du travail \u00e0 accomplir.<\/p>\n<\/div>\n<\/div>\n<\/div>\n<!-- AddThis Advanced Settings generic via filter on the_content --><!-- AddThis Share Buttons generic via filter on the_content -->","protected":false},"excerpt":{"rendered":"<p>Canton de neuch\u00e2tel, cressier, le landeron, saint-blaise, chaux-de-fond, val-de-ruz boudry, saint-aubin Nous vous offrons bien plus qu&rsquo;une gestion rigoureuse de votre PPE, nous vous proposons.<!-- AddThis Advanced Settings generic via filter on get_the_excerpt --><!-- AddThis Share Buttons generic via filter on get_the_excerpt --><\/p>\n","protected":false},"author":2,"featured_media":0,"parent":0,"menu_order":0,"comment_status":"open","ping_status":"open","template":"page_fullwidth.php","meta":[],"yoast_head":"<!-- This site is optimized with the Yoast SEO plugin v20.4 - https:\/\/yoast.com\/wordpress\/plugins\/seo\/ -->\n<title>Prestations pour PPE<\/title>\n<meta name=\"description\" content=\"Nous vous offrons bien plus qu&#039;une gestion rigoureuse de votre PPE, nous vous proposons un conseil personnalis\u00e9 et mettons l&#039;accent sur la confiance\" \/>\n<meta name=\"robots\" content=\"index, follow, max-snippet:-1, max-image-preview:large, max-video-preview:-1\" \/>\n<link rel=\"canonical\" href=\"http:\/\/immoppe.ch\/site_web\/prestations\/\" \/>\n<meta property=\"og:locale\" content=\"fr_FR\" \/>\n<meta property=\"og:type\" content=\"article\" \/>\n<meta property=\"og:title\" content=\"Prestations pour PPE\" \/>\n<meta property=\"og:description\" content=\"Nous vous offrons bien plus qu&#039;une gestion rigoureuse de votre PPE, nous vous proposons un conseil personnalis\u00e9 et mettons l&#039;accent sur la confiance\" \/>\n<meta property=\"og:url\" content=\"http:\/\/immoppe.ch\/site_web\/prestations\/\" \/>\n<meta property=\"og:site_name\" content=\"immoppe\" \/>\n<meta property=\"article:modified_time\" content=\"2014-04-05T14:41:33+00:00\" \/>\n<meta name=\"twitter:label1\" content=\"Dur\u00e9e de lecture estim\u00e9e\" \/>\n\t<meta name=\"twitter:data1\" content=\"1 minute\" \/>\n<script type=\"application\/ld+json\" class=\"yoast-schema-graph\">{\"@context\":\"https:\/\/schema.org\",\"@graph\":[{\"@type\":\"WebPage\",\"@id\":\"http:\/\/immoppe.ch\/site_web\/prestations\/\",\"url\":\"http:\/\/immoppe.ch\/site_web\/prestations\/\",\"name\":\"Prestations pour PPE\",\"isPartOf\":{\"@id\":\"https:\/\/immoppe.ch\/site_web\/#website\"},\"datePublished\":\"2014-02-09T22:24:38+00:00\",\"dateModified\":\"2014-04-05T14:41:33+00:00\",\"description\":\"Nous vous offrons bien plus qu'une gestion rigoureuse de votre PPE, nous vous proposons un conseil personnalis\u00e9 et mettons l'accent sur la confiance\",\"breadcrumb\":{\"@id\":\"http:\/\/immoppe.ch\/site_web\/prestations\/#breadcrumb\"},\"inLanguage\":\"fr-FR\",\"potentialAction\":[{\"@type\":\"ReadAction\",\"target\":[\"http:\/\/immoppe.ch\/site_web\/prestations\/\"]}]},{\"@type\":\"BreadcrumbList\",\"@id\":\"http:\/\/immoppe.ch\/site_web\/prestations\/#breadcrumb\",\"itemListElement\":[{\"@type\":\"ListItem\",\"position\":1,\"name\":\"Accueil\",\"item\":\"https:\/\/immoppe.ch\/site_web\/\"},{\"@type\":\"ListItem\",\"position\":2,\"name\":\"Prestations pour PPE\"}]},{\"@type\":\"WebSite\",\"@id\":\"https:\/\/immoppe.ch\/site_web\/#website\",\"url\":\"https:\/\/immoppe.ch\/site_web\/\",\"name\":\"immoppe\",\"description\":\"Immoppe\",\"potentialAction\":[{\"@type\":\"SearchAction\",\"target\":{\"@type\":\"EntryPoint\",\"urlTemplate\":\"https:\/\/immoppe.ch\/site_web\/?s={search_term_string}\"},\"query-input\":\"required name=search_term_string\"}],\"inLanguage\":\"fr-FR\"}]}<\/script>\n<!-- \/ Yoast SEO plugin. -->","yoast_head_json":{"title":"Prestations pour PPE","description":"Nous vous offrons bien plus qu'une gestion rigoureuse de votre PPE, nous vous proposons un conseil personnalis\u00e9 et mettons l'accent sur la confiance","robots":{"index":"index","follow":"follow","max-snippet":"max-snippet:-1","max-image-preview":"max-image-preview:large","max-video-preview":"max-video-preview:-1"},"canonical":"http:\/\/immoppe.ch\/site_web\/prestations\/","og_locale":"fr_FR","og_type":"article","og_title":"Prestations pour PPE","og_description":"Nous vous offrons bien plus qu'une gestion rigoureuse de votre PPE, nous vous proposons un conseil personnalis\u00e9 et mettons l'accent sur la confiance","og_url":"http:\/\/immoppe.ch\/site_web\/prestations\/","og_site_name":"immoppe","article_modified_time":"2014-04-05T14:41:33+00:00","twitter_misc":{"Dur\u00e9e de lecture estim\u00e9e":"1 minute"},"schema":{"@context":"https:\/\/schema.org","@graph":[{"@type":"WebPage","@id":"http:\/\/immoppe.ch\/site_web\/prestations\/","url":"http:\/\/immoppe.ch\/site_web\/prestations\/","name":"Prestations pour PPE","isPartOf":{"@id":"https:\/\/immoppe.ch\/site_web\/#website"},"datePublished":"2014-02-09T22:24:38+00:00","dateModified":"2014-04-05T14:41:33+00:00","description":"Nous vous offrons bien plus qu'une gestion rigoureuse de votre PPE, nous vous proposons un conseil personnalis\u00e9 et mettons l'accent sur la confiance","breadcrumb":{"@id":"http:\/\/immoppe.ch\/site_web\/prestations\/#breadcrumb"},"inLanguage":"fr-FR","potentialAction":[{"@type":"ReadAction","target":["http:\/\/immoppe.ch\/site_web\/prestations\/"]}]},{"@type":"BreadcrumbList","@id":"http:\/\/immoppe.ch\/site_web\/prestations\/#breadcrumb","itemListElement":[{"@type":"ListItem","position":1,"name":"Accueil","item":"https:\/\/immoppe.ch\/site_web\/"},{"@type":"ListItem","position":2,"name":"Prestations pour PPE"}]},{"@type":"WebSite","@id":"https:\/\/immoppe.ch\/site_web\/#website","url":"https:\/\/immoppe.ch\/site_web\/","name":"immoppe","description":"Immoppe","potentialAction":[{"@type":"SearchAction","target":{"@type":"EntryPoint","urlTemplate":"https:\/\/immoppe.ch\/site_web\/?s={search_term_string}"},"query-input":"required name=search_term_string"}],"inLanguage":"fr-FR"}]}},"_links":{"self":[{"href":"http:\/\/immoppe.ch\/site_web\/wp-json\/wp\/v2\/pages\/296"}],"collection":[{"href":"http:\/\/immoppe.ch\/site_web\/wp-json\/wp\/v2\/pages"}],"about":[{"href":"http:\/\/immoppe.ch\/site_web\/wp-json\/wp\/v2\/types\/page"}],"author":[{"embeddable":true,"href":"http:\/\/immoppe.ch\/site_web\/wp-json\/wp\/v2\/users\/2"}],"replies":[{"embeddable":true,"href":"http:\/\/immoppe.ch\/site_web\/wp-json\/wp\/v2\/comments?post=296"}],"version-history":[{"count":4,"href":"http:\/\/immoppe.ch\/site_web\/wp-json\/wp\/v2\/pages\/296\/revisions"}],"predecessor-version":[{"id":820,"href":"http:\/\/immoppe.ch\/site_web\/wp-json\/wp\/v2\/pages\/296\/revisions\/820"}],"wp:attachment":[{"href":"http:\/\/immoppe.ch\/site_web\/wp-json\/wp\/v2\/media?parent=296"}],"curies":[{"name":"wp","href":"https:\/\/api.w.org\/{rel}","templated":true}]}}