{"id":514,"date":"2014-02-09T14:37:48","date_gmt":"2014-02-09T14:37:48","guid":{"rendered":"http:\/\/slowavetommus.wpengine.com\/?page_id=186"},"modified":"2014-04-09T09:03:09","modified_gmt":"2014-04-09T08:03:09","slug":"home-layout-3-2","status":"publish","type":"page","link":"http:\/\/immoppe.ch\/site_web\/","title":{"rendered":"Agence immobili\u00e8re PPE"},"content":{"rendered":"<h2>ImmoPPE est une agence immobili\u00e8re<\/h2>\n<p>de proximit\u00e9 sp\u00e9cialis\u00e9e dans l&rsquo;administration de PPE o\u00f9 chaque client est minutieusement suivi par un seul interlocuteur qui s&rsquo;applique a d\u00e9fendre au mieux les int\u00e9r\u00eats de la PPE.<br \/>\nNous nous distinguons avec les avantages suivants: agence, g\u00e9rance, PPE, canton, Neuch\u00e2tel, propri\u00e9taire, achat, vente, maison, immeuble, suisse, gestion, administration, immobilier,\u00a0Ivana, Todosijevic, propri\u00e9t\u00e9, \u00e9tage, r\u00e9gis, g\u00e9r\u00e9, administr\u00e9, cressier<\/p>\n<p>ImmoPPE est une agence de proximit\u00e9 sp\u00e9cialis\u00e9e dans l&rsquo;administration de PPE o\u00f9 chaque client<br \/>\nest minutieusement suivi par un seul interlocuteur qui s&rsquo;applique a d\u00e9fendre au mieux les int\u00e9r\u00eats de la PPE.<\/p>\n<p>Nous offrons des prestations \u00e9tendues et de qualit\u00e9. Nous r\u00e9pondons rapidement \u00e0 vos<br \/>\ndemandes dans le canton de Neuch\u00e2tel.<\/p>\n<h2>Qu\u2019est ce que la propri\u00e9t\u00e9 par \u00e9tages (PPE)<br \/>\nLa propri\u00e9t\u00e9 par \u00e9tages est une forme particuli\u00e8re de copropri\u00e9t\u00e9 o\u00f9 chaque<br \/>\ncopropri\u00e9taire a un droit exclusif d\u2019utiliser et d\u2019am\u00e9nager certaines parties int\u00e9rieures<br \/>\nd\u2019un b\u00e2timent.<\/h2>\n<p>Le droit du copropri\u00e9taire comporte deux \u00e9l\u00e9ments distincts :<br \/>\n\u2022 une part de copropri\u00e9t\u00e9 (quote-part), qui porte sur l\u2019immeuble tout entier;<br \/>\n\u2022 un droit de jouissance et d\u2019utilisation exclusif de son unit\u00e9 d\u2019\u00e9tage.<\/p>\n<p>L\u2019unit\u00e9 d\u2019\u00e9tage se compose de l\u2019ensemble des locaux et des parties de l\u2019immeuble<br \/>\n(cave, grenier, box ferm\u00e9) qui sont soumis au droit de jouissance et d\u2019utilisation<br \/>\nexclusif d\u2019un propri\u00e9taire d\u2019\u00e9tage. Il doit s\u2019agir d\u2019une r\u00e9alit\u00e9 physique,<br \/>\ng\u00e9ographiquement d\u00e9termin\u00e9e et d\u00e9limit\u00e9e comme, par exemple, un appartement ou<br \/>\nune villa mitoyenne.<\/p>\n<p>Dans une PPE, on distingue donc :<br \/>\n\u2022 les parties priv\u00e9es, sur lesquelles le copropri\u00e9taire a un droit exclusif de<br \/>\njouissance et d\u2019utilisation (l\u2019int\u00e9rieur de son appartement, les murs internes<br \/>\nnon porteurs, la porte d\u2019entr\u00e9e de l\u2019appartement, la partie int\u00e9rieure du balcon,<br \/>\netc.) ;<br \/>\n\u2022 les parties communes, dont les membres de la PPE sont copropri\u00e9taires (la<br \/>\nparcelle, les murs porteurs, le toit, le rev\u00eatement de fa\u00e7ade, l\u2019ascenseur, etc.).<\/p>\n<p>Chaque part d\u2019\u00e9tage correspond \u00e0 un certain nombre de milli\u00e8mes. Ces milli\u00e8mes<br \/>\npermettent de r\u00e9partir les charges de la PPE entre les copropri\u00e9taires et de prendre<br \/>\ndes d\u00e9cisions lors de l\u2019assembl\u00e9e des copropri\u00e9taires (assembl\u00e9es g\u00e9n\u00e9rales<br \/>\nordinaires AGO ou extraordinaires AGE) dans les cas o\u00f9 la loi exige la majorit\u00e9 des<br \/>\nvoix et des milli\u00e8mes.<\/p>\n<p>L&rsquo;expression propri\u00e9t\u00e9 par \u00e9tages ne refl\u00e8te qu&rsquo;imparfaitement la forme de propri\u00e9t\u00e9<br \/>\nenvisag\u00e9e. Chaque propri\u00e9taire n&rsquo;a qu&rsquo;un droit de jouissance exclusif et<br \/>\nd&rsquo;am\u00e9nagement int\u00e9rieur des locaux privatifs, ainsi qu&rsquo;une propri\u00e9t\u00e9 collective sur<br \/>\nl&rsquo;ensemble de l&rsquo;immeuble divis\u00e9.<\/p>\n<p><a title=\"Contact\" href=\"http:\/\/immoppe.ch\/site_web\/contact\/\">\u00a0<\/a><\/p>\n<!-- AddThis Advanced Settings generic via filter on the_content --><!-- AddThis Share Buttons generic via filter on the_content -->","protected":false},"excerpt":{"rendered":"<p>ImmoPPE est une agence immobili\u00e8re de proximit\u00e9 sp\u00e9cialis\u00e9e dans l&rsquo;administration de PPE o\u00f9 chaque client est minutieusement suivi par un seul interlocuteur qui s&rsquo;applique a.<!-- AddThis Advanced Settings generic via filter on get_the_excerpt --><!-- AddThis Share Buttons generic via filter on get_the_excerpt --><\/p>\n","protected":false},"author":2,"featured_media":0,"parent":0,"menu_order":0,"comment_status":"open","ping_status":"open","template":"page_fullwidth.php","meta":[],"yoast_head":"<!-- This site is optimized with the Yoast SEO plugin v20.4 - https:\/\/yoast.com\/wordpress\/plugins\/seo\/ -->\n<title>Gestion d&#039;administration PPE dans le canton de Neuch\u00e2tel<\/title>\n<meta name=\"description\" content=\"ImmoPPE est une agence immobili\u00e8re de proximit\u00e9 sp\u00e9cialis\u00e9e dans l&#039;administration de PPE o\u00f9 chaque client est minutieusement suivi par un seul interlocuteur\" \/>\n<meta name=\"robots\" content=\"index, follow, max-snippet:-1, max-image-preview:large, max-video-preview:-1\" \/>\n<link rel=\"canonical\" href=\"https:\/\/immoppe.ch\/site_web\/\" \/>\n<meta property=\"og:locale\" content=\"fr_FR\" \/>\n<meta property=\"og:type\" content=\"article\" \/>\n<meta property=\"og:title\" content=\"Gestion d&#039;administration PPE dans le canton de Neuch\u00e2tel\" \/>\n<meta property=\"og:description\" content=\"ImmoPPE est une agence immobili\u00e8re de proximit\u00e9 sp\u00e9cialis\u00e9e dans l&#039;administration de PPE o\u00f9 chaque client est minutieusement suivi par un seul interlocuteur\" \/>\n<meta property=\"og:url\" content=\"https:\/\/immoppe.ch\/site_web\/\" \/>\n<meta property=\"og:site_name\" content=\"immoppe\" \/>\n<meta property=\"article:modified_time\" content=\"2014-04-09T08:03:09+00:00\" \/>\n<meta name=\"twitter:label1\" content=\"Dur\u00e9e de lecture estim\u00e9e\" \/>\n\t<meta name=\"twitter:data1\" content=\"2 minutes\" \/>\n<script type=\"application\/ld+json\" class=\"yoast-schema-graph\">{\"@context\":\"https:\/\/schema.org\",\"@graph\":[{\"@type\":\"WebPage\",\"@id\":\"https:\/\/immoppe.ch\/site_web\/\",\"url\":\"https:\/\/immoppe.ch\/site_web\/\",\"name\":\"Gestion d'administration PPE dans le canton de Neuch\u00e2tel\",\"isPartOf\":{\"@id\":\"https:\/\/immoppe.ch\/site_web\/#website\"},\"datePublished\":\"2014-02-09T14:37:48+00:00\",\"dateModified\":\"2014-04-09T08:03:09+00:00\",\"description\":\"ImmoPPE est une agence immobili\u00e8re de proximit\u00e9 sp\u00e9cialis\u00e9e dans l'administration de PPE o\u00f9 chaque client est minutieusement suivi par un seul interlocuteur\",\"breadcrumb\":{\"@id\":\"https:\/\/immoppe.ch\/site_web\/#breadcrumb\"},\"inLanguage\":\"fr-FR\",\"potentialAction\":[{\"@type\":\"ReadAction\",\"target\":[\"https:\/\/immoppe.ch\/site_web\/\"]}]},{\"@type\":\"BreadcrumbList\",\"@id\":\"https:\/\/immoppe.ch\/site_web\/#breadcrumb\",\"itemListElement\":[{\"@type\":\"ListItem\",\"position\":1,\"name\":\"Accueil\",\"item\":\"https:\/\/immoppe.ch\/site_web\/\"},{\"@type\":\"ListItem\",\"position\":2,\"name\":\"Agence immobili\u00e8re PPE\"}]},{\"@type\":\"WebSite\",\"@id\":\"https:\/\/immoppe.ch\/site_web\/#website\",\"url\":\"https:\/\/immoppe.ch\/site_web\/\",\"name\":\"immoppe\",\"description\":\"Immoppe\",\"potentialAction\":[{\"@type\":\"SearchAction\",\"target\":{\"@type\":\"EntryPoint\",\"urlTemplate\":\"https:\/\/immoppe.ch\/site_web\/?s={search_term_string}\"},\"query-input\":\"required name=search_term_string\"}],\"inLanguage\":\"fr-FR\"}]}<\/script>\n<!-- \/ Yoast SEO plugin. -->","yoast_head_json":{"title":"Gestion d'administration PPE dans le canton de Neuch\u00e2tel","description":"ImmoPPE est une agence immobili\u00e8re de proximit\u00e9 sp\u00e9cialis\u00e9e dans l'administration de PPE o\u00f9 chaque client est minutieusement suivi par un seul interlocuteur","robots":{"index":"index","follow":"follow","max-snippet":"max-snippet:-1","max-image-preview":"max-image-preview:large","max-video-preview":"max-video-preview:-1"},"canonical":"https:\/\/immoppe.ch\/site_web\/","og_locale":"fr_FR","og_type":"article","og_title":"Gestion d'administration PPE dans le canton de Neuch\u00e2tel","og_description":"ImmoPPE est une agence immobili\u00e8re de proximit\u00e9 sp\u00e9cialis\u00e9e dans l'administration de PPE o\u00f9 chaque client est minutieusement suivi par un seul interlocuteur","og_url":"https:\/\/immoppe.ch\/site_web\/","og_site_name":"immoppe","article_modified_time":"2014-04-09T08:03:09+00:00","twitter_misc":{"Dur\u00e9e de lecture estim\u00e9e":"2 minutes"},"schema":{"@context":"https:\/\/schema.org","@graph":[{"@type":"WebPage","@id":"https:\/\/immoppe.ch\/site_web\/","url":"https:\/\/immoppe.ch\/site_web\/","name":"Gestion d'administration PPE dans le canton de Neuch\u00e2tel","isPartOf":{"@id":"https:\/\/immoppe.ch\/site_web\/#website"},"datePublished":"2014-02-09T14:37:48+00:00","dateModified":"2014-04-09T08:03:09+00:00","description":"ImmoPPE est une agence immobili\u00e8re de proximit\u00e9 sp\u00e9cialis\u00e9e dans l'administration de PPE o\u00f9 chaque client est minutieusement suivi par un seul interlocuteur","breadcrumb":{"@id":"https:\/\/immoppe.ch\/site_web\/#breadcrumb"},"inLanguage":"fr-FR","potentialAction":[{"@type":"ReadAction","target":["https:\/\/immoppe.ch\/site_web\/"]}]},{"@type":"BreadcrumbList","@id":"https:\/\/immoppe.ch\/site_web\/#breadcrumb","itemListElement":[{"@type":"ListItem","position":1,"name":"Accueil","item":"https:\/\/immoppe.ch\/site_web\/"},{"@type":"ListItem","position":2,"name":"Agence immobili\u00e8re PPE"}]},{"@type":"WebSite","@id":"https:\/\/immoppe.ch\/site_web\/#website","url":"https:\/\/immoppe.ch\/site_web\/","name":"immoppe","description":"Immoppe","potentialAction":[{"@type":"SearchAction","target":{"@type":"EntryPoint","urlTemplate":"https:\/\/immoppe.ch\/site_web\/?s={search_term_string}"},"query-input":"required name=search_term_string"}],"inLanguage":"fr-FR"}]}},"_links":{"self":[{"href":"http:\/\/immoppe.ch\/site_web\/wp-json\/wp\/v2\/pages\/514"}],"collection":[{"href":"http:\/\/immoppe.ch\/site_web\/wp-json\/wp\/v2\/pages"}],"about":[{"href":"http:\/\/immoppe.ch\/site_web\/wp-json\/wp\/v2\/types\/page"}],"author":[{"embeddable":true,"href":"http:\/\/immoppe.ch\/site_web\/wp-json\/wp\/v2\/users\/2"}],"replies":[{"embeddable":true,"href":"http:\/\/immoppe.ch\/site_web\/wp-json\/wp\/v2\/comments?post=514"}],"version-history":[{"count":31,"href":"http:\/\/immoppe.ch\/site_web\/wp-json\/wp\/v2\/pages\/514\/revisions"}],"predecessor-version":[{"id":839,"href":"http:\/\/immoppe.ch\/site_web\/wp-json\/wp\/v2\/pages\/514\/revisions\/839"}],"wp:attachment":[{"href":"http:\/\/immoppe.ch\/site_web\/wp-json\/wp\/v2\/media?parent=514"}],"curies":[{"name":"wp","href":"https:\/\/api.w.org\/{rel}","templated":true}]}}