{"id":846,"date":"2014-04-24T09:58:07","date_gmt":"2014-04-24T08:58:07","guid":{"rendered":"http:\/\/immoppe.ch\/site_web\/?page_id=846"},"modified":"2014-05-01T06:01:46","modified_gmt":"2014-05-01T05:01:46","slug":"evenements","status":"publish","type":"page","link":"http:\/\/immoppe.ch\/site_web\/evenements\/","title":{"rendered":"Ev\u00e9nements"},"content":{"rendered":"<p>BCN Tour<\/p>\n<p><span style=\"color: #000000;\">D\u00e9couvrez d\u00e8s maintenant toutes les informations et nouveaut\u00e9s de votre BCN Tour 2014.<\/span><\/p>\n<h4 style=\"font-weight: 400;\"><strong>ImmoPPE est fier de participer au 29\u00e8me BCN Tour gr\u00e2ce \u00e0 l&rsquo;engagement et \u00e0 la motivation de notre coureur John (1487).\u00a0<\/strong><\/h4>\n<p>Pour la 1\u00e8re \u00e9tape qui s&rsquo;est d\u00e9roul\u00e9e le 23 avril 2014 \u00e0 Planeyse (Colombier), notre coureur, John, est arriv\u00e9 126 \u00e8me sur 363 en cat\u00e9gorie s\u00e9nior 2 avec un temps de 45.47,6.<\/p>\n<p>Nous adressons \u00e0 John nos sinc\u00e8res f\u00e9licitations pour cet exploit et le remercions pour sa performance aux\u00a0couleurs d&rsquo;ImmoPPE.<\/p>\n<p>Nous suivrons \u00e9galement John dans les \u00e9tapes suivantes et nous r\u00e9jouissons d&rsquo;ores et d\u00e9j\u00e0 de publier ses r\u00e9sultats.<\/p>\n<p>Lors de la 2\u00e8me \u00e9tape du BCN Tour qui s&rsquo;est d\u00e9roul\u00e9e le 30 avril 2014 \u00e0 Ch\u00e9zard-St-Martin, sur une distance de 10.360 Km, notre coureur John a fait un chrono de 50.54,6 ce qui le place en 95\u00e8me place sur 313 dans sa cat\u00e9gorie.<\/p>\n<p><strong><br \/>\n<\/strong><strong>5\u00e8me \u00e9tape, 21 mai 2014 (Couvet)<br \/>\n<\/strong><strong><br \/>\n<\/strong><strong>6\u00e8me \u00e9tape, 28 mai 2014 (Neuch\u00e2tel<\/strong><\/p>\n<!-- AddThis Advanced Settings generic via filter on the_content --><!-- AddThis Share Buttons generic via filter on the_content -->","protected":false},"excerpt":{"rendered":"<p>BCN Tour D\u00e9couvrez d\u00e8s maintenant toutes les informations et nouveaut\u00e9s de votre BCN Tour 2014. ImmoPPE est fier de participer au 29\u00e8me BCN Tour gr\u00e2ce.<!-- AddThis Advanced Settings generic via filter on get_the_excerpt --><!-- AddThis Share Buttons generic via filter on get_the_excerpt --><\/p>\n","protected":false},"author":2,"featured_media":0,"parent":0,"menu_order":0,"comment_status":"closed","ping_status":"closed","template":"","meta":[],"yoast_head":"<!-- This site is optimized with the Yoast SEO plugin v20.4 - https:\/\/yoast.com\/wordpress\/plugins\/seo\/ -->\n<title>BCN Tour 2014 Immoppe<\/title>\n<meta name=\"description\" content=\"ImmoPPE est fier de participer au 29\u00e8me BCN Tour gr\u00e2ce \u00e0 l&#039;engagement et \u00e0 la motivation de notre coureur John (1487).\" \/>\n<meta name=\"robots\" content=\"index, follow, max-snippet:-1, max-image-preview:large, max-video-preview:-1\" \/>\n<link rel=\"canonical\" href=\"https:\/\/immoppe.ch\/site_web\/evenements\/\" \/>\n<meta property=\"og:locale\" content=\"fr_FR\" \/>\n<meta property=\"og:type\" content=\"article\" \/>\n<meta property=\"og:title\" content=\"BCN Tour 2014 Immoppe\" \/>\n<meta property=\"og:description\" content=\"ImmoPPE est fier de participer au 29\u00e8me BCN Tour gr\u00e2ce \u00e0 l&#039;engagement et \u00e0 la motivation de notre coureur John (1487).\" \/>\n<meta property=\"og:url\" content=\"https:\/\/immoppe.ch\/site_web\/evenements\/\" \/>\n<meta property=\"og:site_name\" content=\"immoppe\" \/>\n<meta property=\"article:modified_time\" content=\"2014-05-01T05:01:46+00:00\" \/>\n<meta name=\"twitter:label1\" content=\"Dur\u00e9e de lecture estim\u00e9e\" \/>\n\t<meta name=\"twitter:data1\" content=\"1 minute\" \/>\n<script type=\"application\/ld+json\" class=\"yoast-schema-graph\">{\"@context\":\"https:\/\/schema.org\",\"@graph\":[{\"@type\":\"WebPage\",\"@id\":\"https:\/\/immoppe.ch\/site_web\/evenements\/\",\"url\":\"https:\/\/immoppe.ch\/site_web\/evenements\/\",\"name\":\"BCN Tour 2014 Immoppe\",\"isPartOf\":{\"@id\":\"https:\/\/immoppe.ch\/site_web\/#website\"},\"datePublished\":\"2014-04-24T08:58:07+00:00\",\"dateModified\":\"2014-05-01T05:01:46+00:00\",\"description\":\"ImmoPPE est fier de participer au 29\u00e8me BCN Tour gr\u00e2ce \u00e0 l'engagement et \u00e0 la motivation de notre coureur John (1487).\",\"breadcrumb\":{\"@id\":\"https:\/\/immoppe.ch\/site_web\/evenements\/#breadcrumb\"},\"inLanguage\":\"fr-FR\",\"potentialAction\":[{\"@type\":\"ReadAction\",\"target\":[\"https:\/\/immoppe.ch\/site_web\/evenements\/\"]}]},{\"@type\":\"BreadcrumbList\",\"@id\":\"https:\/\/immoppe.ch\/site_web\/evenements\/#breadcrumb\",\"itemListElement\":[{\"@type\":\"ListItem\",\"position\":1,\"name\":\"Accueil\",\"item\":\"https:\/\/immoppe.ch\/site_web\/\"},{\"@type\":\"ListItem\",\"position\":2,\"name\":\"Ev\u00e9nements\"}]},{\"@type\":\"WebSite\",\"@id\":\"https:\/\/immoppe.ch\/site_web\/#website\",\"url\":\"https:\/\/immoppe.ch\/site_web\/\",\"name\":\"immoppe\",\"description\":\"Immoppe\",\"potentialAction\":[{\"@type\":\"SearchAction\",\"target\":{\"@type\":\"EntryPoint\",\"urlTemplate\":\"https:\/\/immoppe.ch\/site_web\/?s={search_term_string}\"},\"query-input\":\"required name=search_term_string\"}],\"inLanguage\":\"fr-FR\"}]}<\/script>\n<!-- \/ Yoast SEO plugin. -->","yoast_head_json":{"title":"BCN Tour 2014 Immoppe","description":"ImmoPPE est fier de participer au 29\u00e8me BCN Tour gr\u00e2ce \u00e0 l'engagement et \u00e0 la motivation de notre coureur John (1487).","robots":{"index":"index","follow":"follow","max-snippet":"max-snippet:-1","max-image-preview":"max-image-preview:large","max-video-preview":"max-video-preview:-1"},"canonical":"https:\/\/immoppe.ch\/site_web\/evenements\/","og_locale":"fr_FR","og_type":"article","og_title":"BCN Tour 2014 Immoppe","og_description":"ImmoPPE est fier de participer au 29\u00e8me BCN Tour gr\u00e2ce \u00e0 l'engagement et \u00e0 la motivation de notre coureur John (1487).","og_url":"https:\/\/immoppe.ch\/site_web\/evenements\/","og_site_name":"immoppe","article_modified_time":"2014-05-01T05:01:46+00:00","twitter_misc":{"Dur\u00e9e de lecture estim\u00e9e":"1 minute"},"schema":{"@context":"https:\/\/schema.org","@graph":[{"@type":"WebPage","@id":"https:\/\/immoppe.ch\/site_web\/evenements\/","url":"https:\/\/immoppe.ch\/site_web\/evenements\/","name":"BCN Tour 2014 Immoppe","isPartOf":{"@id":"https:\/\/immoppe.ch\/site_web\/#website"},"datePublished":"2014-04-24T08:58:07+00:00","dateModified":"2014-05-01T05:01:46+00:00","description":"ImmoPPE est fier de participer au 29\u00e8me BCN Tour gr\u00e2ce \u00e0 l'engagement et \u00e0 la motivation de notre coureur John (1487).","breadcrumb":{"@id":"https:\/\/immoppe.ch\/site_web\/evenements\/#breadcrumb"},"inLanguage":"fr-FR","potentialAction":[{"@type":"ReadAction","target":["https:\/\/immoppe.ch\/site_web\/evenements\/"]}]},{"@type":"BreadcrumbList","@id":"https:\/\/immoppe.ch\/site_web\/evenements\/#breadcrumb","itemListElement":[{"@type":"ListItem","position":1,"name":"Accueil","item":"https:\/\/immoppe.ch\/site_web\/"},{"@type":"ListItem","position":2,"name":"Ev\u00e9nements"}]},{"@type":"WebSite","@id":"https:\/\/immoppe.ch\/site_web\/#website","url":"https:\/\/immoppe.ch\/site_web\/","name":"immoppe","description":"Immoppe","potentialAction":[{"@type":"SearchAction","target":{"@type":"EntryPoint","urlTemplate":"https:\/\/immoppe.ch\/site_web\/?s={search_term_string}"},"query-input":"required name=search_term_string"}],"inLanguage":"fr-FR"}]}},"_links":{"self":[{"href":"http:\/\/immoppe.ch\/site_web\/wp-json\/wp\/v2\/pages\/846"}],"collection":[{"href":"http:\/\/immoppe.ch\/site_web\/wp-json\/wp\/v2\/pages"}],"about":[{"href":"http:\/\/immoppe.ch\/site_web\/wp-json\/wp\/v2\/types\/page"}],"author":[{"embeddable":true,"href":"http:\/\/immoppe.ch\/site_web\/wp-json\/wp\/v2\/users\/2"}],"replies":[{"embeddable":true,"href":"http:\/\/immoppe.ch\/site_web\/wp-json\/wp\/v2\/comments?post=846"}],"version-history":[{"count":6,"href":"http:\/\/immoppe.ch\/site_web\/wp-json\/wp\/v2\/pages\/846\/revisions"}],"predecessor-version":[{"id":865,"href":"http:\/\/immoppe.ch\/site_web\/wp-json\/wp\/v2\/pages\/846\/revisions\/865"}],"wp:attachment":[{"href":"http:\/\/immoppe.ch\/site_web\/wp-json\/wp\/v2\/media?parent=846"}],"curies":[{"name":"wp","href":"https:\/\/api.w.org\/{rel}","templated":true}]}}